{"id":7553,"date":"2026-01-05T17:36:36","date_gmt":"2026-01-05T16:36:36","guid":{"rendered":"https:\/\/www.milenajohnova.cz\/7553-2\/"},"modified":"2026-01-12T14:33:30","modified_gmt":"2026-01-12T13:33:30","slug":"7553-2","status":"publish","type":"page","link":"https:\/\/www.milenajohnova.cz\/en\/7553-2\/","title":{"rendered":""},"content":{"rendered":"\t\t<div data-elementor-type=\"wp-page\" data-elementor-id=\"7553\" class=\"elementor elementor-7553\" data-elementor-post-type=\"page\">\n\t\t\t\t<div class=\"elementor-element elementor-element-0869a3e e-con-full e-flex e-con e-parent\" data-id=\"0869a3e\" data-element_type=\"container\" data-e-type=\"container\" data-settings=\"{&quot;jet_parallax_layout_list&quot;:[],&quot;background_background&quot;:&quot;classic&quot;}\">\n\t\t<div class=\"elementor-element elementor-element-3a88250 e-con-full e-flex e-con e-child\" data-id=\"3a88250\" data-element_type=\"container\" data-e-type=\"container\" data-settings=\"{&quot;jet_parallax_layout_list&quot;:[],&quot;background_background&quot;:&quot;classic&quot;}\">\n\t\t\t\t<div class=\"elementor-element elementor-element-8fcca64 elementor-invisible elementor-widget elementor-widget-heading\" data-id=\"8fcca64\" data-element_type=\"widget\" data-e-type=\"widget\" data-settings=\"{&quot;_animation&quot;:&quot;fadeIn&quot;}\" data-widget_type=\"heading.default\">\n\t\t\t\t\t<h1 class=\"elementor-heading-title elementor-size-default\">P\u016fvod a podstata pl\u00e1nov\u00e1n\u00ed zam\u011b\u0159en\u00e9ho na \u010dlov\u011bka<\/h1>\t\t\t\t<\/div>\n\t\t\t\t<div class=\"elementor-element elementor-element-31c1266 elementor-widget__width-initial elementor-invisible elementor-widget elementor-widget-text-editor\" data-id=\"31c1266\" data-element_type=\"widget\" data-e-type=\"widget\" data-settings=\"{&quot;_animation&quot;:&quot;fadeIn&quot;,&quot;_animation_delay&quot;:100}\" data-widget_type=\"text-editor.default\">\n\t\t\t\t\t\t\t\t\t<p><span style=\"font-weight: 400;\">P\u0159e\u010dt\u011bte si prvn\u00ed \u010desk\u00fd p\u0159eklad textu Johna O\u2019Briena o vzniku, smyslu a budoucnosti pl\u00e1nov\u00e1n\u00ed zam\u011b\u0159en\u00e9ho na \u010dlov\u011bka \u2013 kl\u00ed\u010dov\u00e9ho p\u0159\u00edstupu v oblasti soci\u00e1ln\u00ed podpory a za\u010dle\u0148ov\u00e1n\u00ed lid\u00ed s posti\u017een\u00edm.<\/span><\/p>\t\t\t\t\t\t\t\t<\/div>\n\t\t\t\t<div class=\"elementor-element elementor-element-b9f9a1a elementor-invisible elementor-widget elementor-widget-button\" data-id=\"b9f9a1a\" data-element_type=\"widget\" data-e-type=\"widget\" data-settings=\"{&quot;_animation&quot;:&quot;fadeIn&quot;}\" data-widget_type=\"button.default\">\n\t\t\t\t\t\t\t\t\t\t<a class=\"elementor-button elementor-button-link elementor-size-sm\" href=\"#stahnout\">\n\t\t\t\t\t\t<span class=\"elementor-button-content-wrapper\">\n\t\t\t\t\t\t\t\t\t<span class=\"elementor-button-text\">St\u00e1hnout<\/span>\n\t\t\t\t\t<\/span>\n\t\t\t\t\t<\/a>\n\t\t\t\t\t\t\t\t<\/div>\n\t\t\t\t<\/div>\n\t\t<div class=\"elementor-element elementor-element-a52ada4 e-con-full e-flex e-con e-child\" data-id=\"a52ada4\" data-element_type=\"container\" data-e-type=\"container\" data-settings=\"{&quot;jet_parallax_layout_list&quot;:[]}\">\n\t\t\t\t<\/div>\n\t\t\t\t<\/div>\n\t\t<div class=\"elementor-element elementor-element-c5143a3 e-con-full e-flex e-con e-parent\" data-id=\"c5143a3\" data-element_type=\"container\" data-e-type=\"container\" data-settings=\"{&quot;jet_parallax_layout_list&quot;:[],&quot;background_background&quot;:&quot;classic&quot;}\">\n\t\t\t\t<div class=\"elementor-element elementor-element-6bd0678 elementor-widget__width-initial elementor-widget-mobile__width-inherit elementor-widget elementor-widget-text-editor\" data-id=\"6bd0678\" data-element_type=\"widget\" data-e-type=\"widget\" data-widget_type=\"text-editor.default\">\n\t\t\t\t\t\t\t\t\t<p><span style=\"font-weight: 400;\">Pl\u00e1nov\u00e1n\u00ed zam\u011b\u0159en\u00e9 na \u010dlov\u011bka dnes \u010dasto funguje jako form\u00e1ln\u00ed n\u00e1stroj v syst\u00e9mech soci\u00e1ln\u00edch slu\u017eeb. P\u016fvodn\u011b v\u0161ak vzniklo jako <\/span>radik\u00e1ln\u011b odli\u0161n\u00e1 odpov\u011b\u010f<span style=\"font-weight: 400;\"> na selh\u00e1n\u00ed institucion\u00e1ln\u00ed p\u00e9\u010de a medic\u00ednsk\u00e9ho modelu pr\u00e1ce s lidmi s posti\u017een\u00edm.<\/span><\/p>\t\t\t\t\t\t\t\t<\/div>\n\t\t<div class=\"elementor-element elementor-element-97ae43e e-con-full e-flex e-con e-child\" data-id=\"97ae43e\" data-element_type=\"container\" data-e-type=\"container\" data-settings=\"{&quot;jet_parallax_layout_list&quot;:[]}\">\n\t\t\t\t<div class=\"elementor-element elementor-element-ebd97ff elementor-widget elementor-widget-image\" data-id=\"ebd97ff\" data-element_type=\"widget\" data-e-type=\"widget\" data-widget_type=\"image.default\">\n\t\t\t\t\t\t\t\t\t\t\t\t\t\t\t<img fetchpriority=\"high\" decoding=\"async\" width=\"800\" height=\"534\" src=\"https:\/\/www.milenajohnova.cz\/wp-content\/uploads\/2026\/01\/john-obrien-1-1024x683.jpg\" class=\"attachment-large size-large wp-image-7431\" alt=\"\" srcset=\"https:\/\/www.milenajohnova.cz\/wp-content\/uploads\/2026\/01\/john-obrien-1-1024x683.jpg 1024w, https:\/\/www.milenajohnova.cz\/wp-content\/uploads\/2026\/01\/john-obrien-1-300x200.jpg 300w, https:\/\/www.milenajohnova.cz\/wp-content\/uploads\/2026\/01\/john-obrien-1-768x512.jpg 768w, https:\/\/www.milenajohnova.cz\/wp-content\/uploads\/2026\/01\/john-obrien-1-1536x1024.jpg 1536w, https:\/\/www.milenajohnova.cz\/wp-content\/uploads\/2026\/01\/john-obrien-1.jpg 1944w\" sizes=\"(max-width: 800px) 100vw, 800px\" \/>\t\t\t\t\t\t\t\t\t\t\t\t\t\t\t<\/div>\n\t\t\t\t<div class=\"elementor-element elementor-element-a6e57f4 elementor-widget__width-initial elementor-widget-mobile__width-inherit elementor-widget elementor-widget-text-editor\" data-id=\"a6e57f4\" data-element_type=\"widget\" data-e-type=\"widget\" data-widget_type=\"text-editor.default\">\n\t\t\t\t\t\t\t\t\t<p><span style=\"font-weight: 400;\">John O\u2019Brien pat\u0159\u00ed mezi nejv\u00fdznamn\u011bj\u0161\u00ed autory a myslitele v oblasti soci\u00e1ln\u00edho za\u010dle\u0148ov\u00e1n\u00ed a napl\u0148ov\u00e1n\u00ed pr\u00e1v lid\u00ed s posti\u017een\u00edm. Jeho pr\u00e1ce ovlivnila podobu slu\u017eeb a podpory po cel\u00e9m sv\u011bt\u011b.<\/span><\/p><p><span style=\"font-weight: 400;\">V letech <\/span>2008 a 2014<span style=\"font-weight: 400;\"> vedl John v Praze workshopy v\u011bnovan\u00e9 z\u00e1kladn\u00edm hodnot\u00e1m pl\u00e1nov\u00e1n\u00ed zam\u011b\u0159en\u00e9ho na \u010dlov\u011bka a mo\u017enostem, jak tento p\u0159\u00edstup vyu\u017e\u00edt k hlub\u0161\u00ed prom\u011bn\u011b slu\u017eeb i zp\u016fsobu podpory.<\/span><\/p><p><span style=\"font-weight: 400;\">P\u0159esto\u017ee John v \u010dervnu 2025 n\u00e1hle zem\u0159el, jeho texty, rozhovory a p\u0159edn\u00e1\u0161ky z\u016fst\u00e1vaj\u00ed mimo\u0159\u00e1dn\u011b cenn\u00fdm zdrojem inspirace i kritick\u00e9ho my\u0161len\u00ed.<\/span><\/p>\t\t\t\t\t\t\t\t<\/div>\n\t\t\t\t<\/div>\n\t\t\t\t<div class=\"elementor-element elementor-element-3695a4e elementor-widget__width-initial elementor-widget-mobile__width-inherit elementor-widget elementor-widget-text-editor\" data-id=\"3695a4e\" data-element_type=\"widget\" data-e-type=\"widget\" data-widget_type=\"text-editor.default\">\n\t\t\t\t\t\t\t\t\t<p><span style=\"font-weight: 400;\">Tento text se vrac\u00ed ke ko\u0159en\u016fm p\u0159\u00edstupu, kter\u00fd vyr\u016fstal mimo hlavn\u00ed proud \u2013 v s\u00edt\u00edch aktivist\u016f, rodin a lid\u00ed s v\u00fdvojov\u00fdm posti\u017een\u00edm v Kanad\u011b, USA a Velk\u00e9 Brit\u00e1nii od 70. let 20. stolet\u00ed.<\/span><\/p>\t\t\t\t\t\t\t\t<\/div>\n\t\t\t\t<\/div>\n\t\t<div class=\"elementor-element elementor-element-4b0069a e-con-full e-flex e-con e-parent\" data-id=\"4b0069a\" data-element_type=\"container\" data-e-type=\"container\" data-settings=\"{&quot;jet_parallax_layout_list&quot;:[],&quot;background_background&quot;:&quot;classic&quot;}\">\n\t\t\t\t<div class=\"elementor-element elementor-element-484353f elementor-widget__width-initial elementor-invisible elementor-widget elementor-widget-text-editor\" data-id=\"484353f\" data-element_type=\"widget\" data-e-type=\"widget\" data-settings=\"{&quot;_animation&quot;:&quot;fadeIn&quot;}\" data-widget_type=\"text-editor.default\">\n\t\t\t\t\t\t\t\t\t<p><span style=\"font-weight: 400;\">Z\u00edskejte hlub\u0161\u00ed porozum\u011bn\u00ed tomu, odkud tento koncept vych\u00e1z\u00ed, pro\u010d vznikl jako alternativa k institucion\u00e1ln\u00ed p\u00e9\u010di a jak si zachovat jeho p\u016fvodn\u00ed smysl i dnes.<\/span><\/p>\t\t\t\t\t\t\t\t<\/div>\n\t\t<div class=\"elementor-element elementor-element-fe108a4 e-con-full e-flex elementor-invisible e-con e-child\" data-id=\"fe108a4\" data-element_type=\"container\" data-e-type=\"container\" data-settings=\"{&quot;background_background&quot;:&quot;classic&quot;,&quot;jet_parallax_layout_list&quot;:[],&quot;animation&quot;:&quot;fadeInDown&quot;}\">\n\t\t\t\t<div class=\"elementor-element elementor-element-ad76985 elementor-view-default elementor-widget elementor-widget-icon\" data-id=\"ad76985\" data-element_type=\"widget\" data-e-type=\"widget\" data-widget_type=\"icon.default\">\n\t\t\t\t\t\t\t<div class=\"elementor-icon-wrapper\">\n\t\t\t<div class=\"elementor-icon\">\n\t\t\t<svg aria-hidden=\"true\" class=\"e-font-icon-svg e-fas-arrow-alt-circle-down\" viewBox=\"0 0 512 512\" xmlns=\"http:\/\/www.w3.org\/2000\/svg\"><path d=\"M504 256c0 137-111 248-248 248S8 393 8 256 119 8 256 8s248 111 248 248zM212 140v116h-70.9c-10.7 0-16.1 13-8.5 20.5l114.9 114.3c4.7 4.7 12.2 4.7 16.9 0l114.9-114.3c7.6-7.6 2.2-20.5-8.5-20.5H300V140c0-6.6-5.4-12-12-12h-64c-6.6 0-12 5.4-12 12z\"><\/path><\/svg>\t\t\t<\/div>\n\t\t<\/div>\n\t\t\t\t\t\t<\/div>\n\t\t\t\t<\/div>\n\t\t\t\t<\/div>\n\t\t<div class=\"elementor-element elementor-element-3282e4d e-con-full e-flex e-con e-parent\" data-id=\"3282e4d\" data-element_type=\"container\" data-e-type=\"container\" data-settings=\"{&quot;jet_parallax_layout_list&quot;:[],&quot;background_background&quot;:&quot;classic&quot;}\">\n\t\t<div class=\"elementor-element elementor-element-cf78601 e-flex e-con-boxed e-con e-child\" data-id=\"cf78601\" data-element_type=\"container\" data-e-type=\"container\" data-settings=\"{&quot;jet_parallax_layout_list&quot;:[]}\">\n\t\t\t\t\t<div class=\"e-con-inner\">\n\t\t\t\t<div class=\"elementor-element elementor-element-3962c88 elementor-widget elementor-widget-menu-anchor\" data-id=\"3962c88\" data-element_type=\"widget\" data-e-type=\"widget\" data-widget_type=\"menu-anchor.default\">\n\t\t\t\t\t\t\t<div class=\"elementor-menu-anchor\" id=\"clanek\"><\/div>\n\t\t\t\t\t\t<\/div>\n\t\t\t\t<div class=\"elementor-element elementor-element-b744028 elementor-widget__width-initial elementor-widget-mobile__width-inherit elementor-invisible elementor-widget elementor-widget-text-editor\" data-id=\"b744028\" data-element_type=\"widget\" data-e-type=\"widget\" data-settings=\"{&quot;_animation&quot;:&quot;fadeIn&quot;}\" data-widget_type=\"text-editor.default\">\n\t\t\t\t\t\t\t\t\t<p>P\u0159eklad \u010dl\u00e1nku ke sta\u017een\u00ed:<\/p>\t\t\t\t\t\t\t\t<\/div>\n\t\t\t\t<div class=\"elementor-element elementor-element-13822b3 elementor-widget__width-initial elementor-widget elementor-widget-text-editor\" data-id=\"13822b3\" data-element_type=\"widget\" data-e-type=\"widget\" data-widget_type=\"text-editor.default\">\n\t\t\t\t\t\t\t\t\t<p><span style=\"font-weight: 400;\">PDF je ke sta\u017een\u00ed zdarma po zad\u00e1n\u00ed e-mailu. Zad\u00e1n\u00edm emailu souhlas\u00edte se zas\u00edl\u00e1n\u00edm newsletteru; z odb\u011bru se m\u016f\u017eete kdykoliv odhl\u00e1sit.<\/span><\/p>\t\t\t\t\t\t\t\t<\/div>\n\t\t\t\t<div class=\"elementor-element elementor-element-b291be2 elementor-widget__width-initial elementor-widget elementor-widget-jet-engine-booking-form\" data-id=\"b291be2\" data-element_type=\"widget\" data-e-type=\"widget\" data-widget_type=\"jet-engine-booking-form.default\">\n\t\t\t\t<div class=\"elementor-widget-container\">\n\t\t\t\t\t<form  class=\"jet-form layout-row submit-type-ajax\" action=\"\/en\/wp-json\/wp\/v2\/pages\/7553?jet_engine_action=book&#038;nocache=1778080428\" method=\"POST\" data-form-id=\"7213\"><div class=\"jet-form-col__end content-fullwidth\"><input class=\"jet-form__field hidden-field\" type=\"hidden\" name=\"_jet_engine_booking_form_id\" value=\"7213\" data-field-name=\"_jet_engine_booking_form_id\"><\/div><div class=\"jet-form-col__end content-fullwidth\"><input class=\"jet-form__field hidden-field\" type=\"hidden\" name=\"_jet_engine_refer\" value=\"https:\/\/www.milenajohnova.cz\/en\/wp-json\/wp\/v2\/pages\/7553\/\" data-field-name=\"_jet_engine_refer\"><\/div><div  class=\"jet-form-row jet-form-row--first-visible\"><div class=\"jet-form-col jet-form-col-12  field-type-text  jet-form-field-container\" data-field=\"Email\" data-conditional=\"false\"><div class=\"jet-form-col__end content-fullwidth\"><input class=\"jet-form__field text-field \" placeholder=\"vas@email.cz\" value=\"\" required=\"required\" name=\"Email\" id=\"Email\" type=\"email\" data-field-name=\"Email\"><\/div><\/div><\/div><div class=\"jet-form__divider\"><\/div><div  class=\"jet-form-row\"><div class=\"jet-form-col jet-form-col-12  field-type-checkboxes  jet-form-field-container\" data-field=\"newsletter_consent\" data-conditional=\"false\"><div class=\"jet-form-col__start\"><div class=\"jet-form__label\">\n\t<span class=\"jet-form__label-text\" >Chci dost\u00e1vat novinky e-mailem<\/span>\n\t<\/div><\/div>\n<div class=\"jet-form-col__end\"><div class=\"jet-form__fields-group checkradio-wrap\">\t\t<div class=\"jet-form__field-wrap checkboxes-wrap checkradio-wrap\">\n\t\t\t\t\t\t<label class=\"jet-form__field-label\">\n\t\t\t\t<input\n\t\t\t\t\ttype=\"checkbox\"\n\t\t\t\t\tname=\"newsletter_consent\"\n\t\t\t\t\tclass=\"jet-form__field checkboxes-field checkradio-field\"\n\t\t\t\t\tvalue=\"yes\"\n\t\t\t\t\tdata-field-name=\"newsletter_consent\"\n\t\t\t\t\t\t\t\t\t\t\t\t\t\t\t\t\t\t\t>\n\t\t\t\tAno\t\t\t<\/label>\n\t\t<\/div>\n\t\t<\/div><\/div><\/div><\/div><div class=\"jet-form__divider\"><\/div><div  class=\"jet-form-row jet-form-row--submit\"><div class=\"jet-form-col jet-form-col-12  field-type-submit  jet-form-field-container\" data-field=\"Odeslat\" data-conditional=\"false\"><div class=\"jet-form-col__end content-fullwidth\"><div class=\"jet-form__submit-wrap\">\n\t\t<button class=\"jet-form__submit submit-type-ajax\" type=\"button\">Odeslat<\/button>\n<\/div><\/div><\/div><\/div><div class=\"jet-form-col__end content-fullwidth\"><input class=\"jet-form__field hidden-field\" type=\"hidden\" name=\"_jet_engine_nonce\" value=\"bdf188b37d\" data-field-name=\"_jet_engine_nonce\"><\/div><\/form><div class=\"jet-form-messages-wrap\" data-form-id=\"7213\"><\/div>\t\t\t\t<\/div>\n\t\t\t\t<\/div>\n\t\t\t\t\t<\/div>\n\t\t\t\t<\/div>\n\t\t\t\t<\/div>\n\t\t\t\t<\/div>\n\t\t","protected":false},"excerpt":{"rendered":"<p>P\u016fvod a podstata pl\u00e1nov\u00e1n\u00ed zam\u011b\u0159en\u00e9ho na \u010dlov\u011bka P\u0159e\u010dt\u011bte si prvn\u00ed \u010desk\u00fd p\u0159eklad textu Johna O\u2019Briena o vzniku, smyslu a budoucnosti pl\u00e1nov\u00e1n\u00ed zam\u011b\u0159en\u00e9ho na \u010dlov\u011bka \u2013 kl\u00ed\u010dov\u00e9ho p\u0159\u00edstupu v oblasti soci\u00e1ln\u00ed podpory a za\u010dle\u0148ov\u00e1n\u00ed lid\u00ed s posti\u017een\u00edm. St\u00e1hnout Pl\u00e1nov\u00e1n\u00ed zam\u011b\u0159en\u00e9 na \u010dlov\u011bka dnes \u010dasto funguje jako form\u00e1ln\u00ed n\u00e1stroj v syst\u00e9mech soci\u00e1ln\u00edch slu\u017eeb. P\u016fvodn\u011b v\u0161ak vzniklo jako [&hellip;]<\/p>\n","protected":false},"author":1,"featured_media":0,"parent":0,"menu_order":0,"comment_status":"closed","ping_status":"closed","template":"","meta":{"footnotes":""},"class_list":["post-7553","page","type-page","status-publish","hentry"],"_links":{"self":[{"href":"https:\/\/www.milenajohnova.cz\/en\/wp-json\/wp\/v2\/pages\/7553","targetHints":{"allow":["GET"]}}],"collection":[{"href":"https:\/\/www.milenajohnova.cz\/en\/wp-json\/wp\/v2\/pages"}],"about":[{"href":"https:\/\/www.milenajohnova.cz\/en\/wp-json\/wp\/v2\/types\/page"}],"author":[{"embeddable":true,"href":"https:\/\/www.milenajohnova.cz\/en\/wp-json\/wp\/v2\/users\/1"}],"replies":[{"embeddable":true,"href":"https:\/\/www.milenajohnova.cz\/en\/wp-json\/wp\/v2\/comments?post=7553"}],"version-history":[{"count":6,"href":"https:\/\/www.milenajohnova.cz\/en\/wp-json\/wp\/v2\/pages\/7553\/revisions"}],"predecessor-version":[{"id":7577,"href":"https:\/\/www.milenajohnova.cz\/en\/wp-json\/wp\/v2\/pages\/7553\/revisions\/7577"}],"wp:attachment":[{"href":"https:\/\/www.milenajohnova.cz\/en\/wp-json\/wp\/v2\/media?parent=7553"}],"curies":[{"name":"wp","href":"https:\/\/api.w.org\/{rel}","templated":true}]}}