{"id":6763,"date":"2024-12-31T03:31:31","date_gmt":"2024-12-31T02:31:31","guid":{"rendered":"https:\/\/www.milenajohnova.cz\/contact\/"},"modified":"2025-04-19T19:42:20","modified_gmt":"2025-04-19T17:42:20","slug":"contact","status":"publish","type":"page","link":"https:\/\/www.milenajohnova.cz\/en\/contact\/","title":{"rendered":"Contact"},"content":{"rendered":"\t\t<div data-elementor-type=\"wp-page\" data-elementor-id=\"6763\" class=\"elementor elementor-6763 elementor-67\" data-elementor-post-type=\"page\">\n\t\t\t\t<div class=\"elementor-element elementor-element-fbc9df3 e-con-full e-flex e-con e-parent\" data-id=\"fbc9df3\" data-element_type=\"container\" data-e-type=\"container\" data-settings=\"{&quot;background_background&quot;:&quot;classic&quot;,&quot;jet_parallax_layout_list&quot;:[]}\">\n\t\t<div class=\"elementor-element elementor-element-699388f e-con-full e-flex e-con e-child\" data-id=\"699388f\" data-element_type=\"container\" data-e-type=\"container\" data-settings=\"{&quot;jet_parallax_layout_list&quot;:[]}\">\n\t\t<div class=\"elementor-element elementor-element-34b7ba6 e-con-full e-flex e-con e-child\" data-id=\"34b7ba6\" data-element_type=\"container\" data-e-type=\"container\" data-settings=\"{&quot;jet_parallax_layout_list&quot;:[]}\">\n\t\t\t\t<div class=\"elementor-element elementor-element-d232888 elementor-widget elementor-widget-heading\" data-id=\"d232888\" data-element_type=\"widget\" data-e-type=\"widget\" data-widget_type=\"heading.default\">\n\t\t\t\t\t<span class=\"elementor-heading-title elementor-size-default\"><a href=\"tel:420%20605%20121%20350\">tel:+420 605 121 350<\/a><\/span>\t\t\t\t<\/div>\n\t\t\t\t<div class=\"elementor-element elementor-element-78dd00a elementor-widget elementor-widget-heading\" data-id=\"78dd00a\" data-element_type=\"widget\" data-e-type=\"widget\" data-widget_type=\"heading.default\">\n\t\t\t\t\t<span class=\"elementor-heading-title elementor-size-default\"><a href=\"mailto:info@milenajohnova.cz\">Email: info@milenajohnova.cz<\/a><\/span>\t\t\t\t<\/div>\n\t\t\t\t<\/div>\n\t\t\t\t<\/div>\n\t\t<div class=\"elementor-element elementor-element-f45986d e-con-full e-flex e-con e-child\" data-id=\"f45986d\" data-element_type=\"container\" data-e-type=\"container\" data-settings=\"{&quot;jet_parallax_layout_list&quot;:[],&quot;background_background&quot;:&quot;classic&quot;,&quot;animation&quot;:&quot;none&quot;}\">\n\t\t\t\t<\/div>\n\t\t<div class=\"elementor-element elementor-element-dcd56b3 e-con-full e-flex e-con e-child\" data-id=\"dcd56b3\" data-element_type=\"container\" data-e-type=\"container\" data-settings=\"{&quot;jet_parallax_layout_list&quot;:[],&quot;background_background&quot;:&quot;classic&quot;}\">\n\t\t<div class=\"elementor-element elementor-element-6805880 e-con-full e-flex e-con e-child\" data-id=\"6805880\" data-element_type=\"container\" data-e-type=\"container\" data-settings=\"{&quot;jet_parallax_layout_list&quot;:[]}\">\n\t\t\t\t<div class=\"elementor-element elementor-element-326bf90 elementor-widget elementor-widget-heading\" data-id=\"326bf90\" data-element_type=\"widget\" data-e-type=\"widget\" data-widget_type=\"heading.default\">\n\t\t\t\t\t<h4 class=\"elementor-heading-title elementor-size-default\">Contact form<\/h4>\t\t\t\t<\/div>\n\t\t\t\t<div class=\"elementor-element elementor-element-cbeb248 elementor-widget-mobile__width-inherit elementor-widget elementor-widget-jet-engine-booking-form\" data-id=\"cbeb248\" data-element_type=\"widget\" data-e-type=\"widget\" data-widget_type=\"jet-engine-booking-form.default\">\n\t\t\t\t<div class=\"elementor-widget-container\">\n\t\t\t\t\t<form  class=\"jet-form layout-column submit-type-ajax\" action=\"\/en\/wp-json\/wp\/v2\/pages\/6763?jet_engine_action=book&#038;nocache=1776766582\" method=\"POST\" data-form-id=\"6823\"><input class=\"jet-form__field hidden-field\" type=\"hidden\" name=\"_jet_engine_booking_form_id\" value=\"6823\" data-field-name=\"_jet_engine_booking_form_id\"><input class=\"jet-form__field hidden-field\" type=\"hidden\" name=\"_jet_engine_refer\" value=\"https:\/\/www.milenajohnova.cz\/en\/wp-json\/wp\/v2\/pages\/6763\/\" data-field-name=\"_jet_engine_refer\"><div  class=\"jet-form-row jet-form-row--first-visible\"><div class=\"jet-form-col jet-form-col-6  field-type-text  jet-form-field-container\" data-field=\"jmeno\" data-conditional=\"false\"><div class=\"jet-form__label\">\n\t<span class=\"jet-form__label-text\" >Name<span class=\"jet-form__required\">*<\/span><\/span>\n\t<\/div><input class=\"jet-form__field text-field \" value=\"\" required=\"required\" name=\"jmeno\" id=\"jmeno\" type=\"text\" data-field-name=\"jmeno\"><\/div><div class=\"jet-form-col jet-form-col-6  field-type-text  jet-form-field-container\" data-field=\"prijmeni\" data-conditional=\"false\"><div class=\"jet-form__label\">\n\t<span class=\"jet-form__label-text\" >Surname<span class=\"jet-form__required\">*<\/span><\/span>\n\t<\/div><input class=\"jet-form__field text-field \" value=\"\" required=\"required\" name=\"prijmeni\" id=\"prijmeni\" type=\"text\" data-field-name=\"prijmeni\"><\/div><\/div><div  class=\"jet-form-row\"><div class=\"jet-form-col jet-form-col-12  field-type-text  jet-form-field-container\" data-field=\"Organizace\" data-conditional=\"false\"><div class=\"jet-form__label\">\n\t<span class=\"jet-form__label-text\" >Organization<\/span>\n\t<\/div><input class=\"jet-form__field text-field \" value=\"\" name=\"Organizace\" id=\"Organizace\" type=\"text\" data-field-name=\"Organizace\"><\/div><\/div><div  class=\"jet-form-row\"><div class=\"jet-form-col jet-form-col-12  field-type-text  jet-form-field-container\" data-field=\"E-mail\" data-conditional=\"false\"><div class=\"jet-form__label\">\n\t<span class=\"jet-form__label-text\" >E-mail<span class=\"jet-form__required\">*<\/span><\/span>\n\t<\/div><input class=\"jet-form__field text-field \" value=\"\" required=\"required\" name=\"E-mail\" id=\"E-mail\" type=\"email\" data-field-name=\"E-mail\"><\/div><\/div><div  class=\"jet-form-row\"><div class=\"jet-form-col jet-form-col-12  field-type-textarea  jet-form-field-container\" data-field=\"T\u00e9ma konzultace\" data-conditional=\"false\"><div class=\"jet-form__label\">\n\t<span class=\"jet-form__label-text\" >Consultation topic<span class=\"jet-form__required\">*<\/span><\/span>\n\t<\/div><textarea class=\"jet-form__field textarea-field\" required=\"required\" name=\"T\u00e9ma konzultace\" data-field-name=\"T\u00e9ma konzultace\" id=\"T\u00e9ma konzultace\"><\/textarea><\/div><\/div><div  class=\"jet-form-row jet-form-row--hidden\"><div class=\"jet-form-col jet-form-col-12  field-type-hidden  jet-form-field-container\" data-field=\"post_id\" data-conditional=\"false\"><input class=\"jet-form__field hidden-field\" type=\"hidden\" name=\"post_id\" value=\"6763\" data-field-name=\"post_id\"><\/div><\/div><div  class=\"jet-form-row jet-form-row--submit\"><div class=\"jet-form-col jet-form-col-12  field-type-submit  jet-form-field-container\" data-field=\"Submit\" data-conditional=\"false\"><div class=\"jet-form__submit-wrap\">\n\t\t<button class=\"jet-form__submit submit-type-ajax\" type=\"button\">Submit<\/button>\n<\/div><\/div><\/div><input class=\"jet-form__field hidden-field\" type=\"hidden\" name=\"_jet_engine_nonce\" value=\"d71ba2c3fa\" data-field-name=\"_jet_engine_nonce\"><\/form><div class=\"jet-form-messages-wrap\" data-form-id=\"6823\"><\/div>\t\t\t\t<\/div>\n\t\t\t\t<\/div>\n\t\t\t\t<div class=\"elementor-element elementor-element-b682e4e elementor-widget elementor-widget-text-editor\" data-id=\"b682e4e\" data-element_type=\"widget\" data-e-type=\"widget\" data-widget_type=\"text-editor.default\">\n\t\t\t\t\t\t\t\t\t<p>*By submitting the form you agree to the processing of your personal data.<\/p>\t\t\t\t\t\t\t\t<\/div>\n\t\t\t\t<\/div>\n\t\t\t\t<\/div>\n\t\t<div class=\"elementor-element elementor-element-17c664f e-con-full e-flex e-con e-child\" data-id=\"17c664f\" data-element_type=\"container\" data-e-type=\"container\" data-settings=\"{&quot;background_background&quot;:&quot;gradient&quot;,&quot;position&quot;:&quot;absolute&quot;,&quot;jet_parallax_layout_list&quot;:[]}\">\n\t\t\t\t<\/div>\n\t\t\t\t<\/div>\n\t\t\t\t<\/div>\n\t\t","protected":false},"excerpt":{"rendered":"<p>tel:+420 605 121 350 Email: info@milenajohnova.cz Contact form Jm\u00e9no* P\u0159\u00edjmen\u00ed* Organizace E-mail* T\u00e9ma konzultace* Odeslat *By submitting the form you agree to the processing of your personal data.<\/p>\n","protected":false},"author":1,"featured_media":6675,"parent":0,"menu_order":6,"comment_status":"closed","ping_status":"closed","template":"","meta":{"footnotes":""},"class_list":["post-6763","page","type-page","status-publish","has-post-thumbnail","hentry"],"_links":{"self":[{"href":"https:\/\/www.milenajohnova.cz\/en\/wp-json\/wp\/v2\/pages\/6763","targetHints":{"allow":["GET"]}}],"collection":[{"href":"https:\/\/www.milenajohnova.cz\/en\/wp-json\/wp\/v2\/pages"}],"about":[{"href":"https:\/\/www.milenajohnova.cz\/en\/wp-json\/wp\/v2\/types\/page"}],"author":[{"embeddable":true,"href":"https:\/\/www.milenajohnova.cz\/en\/wp-json\/wp\/v2\/users\/1"}],"replies":[{"embeddable":true,"href":"https:\/\/www.milenajohnova.cz\/en\/wp-json\/wp\/v2\/comments?post=6763"}],"version-history":[{"count":3,"href":"https:\/\/www.milenajohnova.cz\/en\/wp-json\/wp\/v2\/pages\/6763\/revisions"}],"predecessor-version":[{"id":6931,"href":"https:\/\/www.milenajohnova.cz\/en\/wp-json\/wp\/v2\/pages\/6763\/revisions\/6931"}],"wp:featuredmedia":[{"embeddable":true,"href":"https:\/\/www.milenajohnova.cz\/en\/wp-json\/wp\/v2\/media\/6675"}],"wp:attachment":[{"href":"https:\/\/www.milenajohnova.cz\/en\/wp-json\/wp\/v2\/media?parent=6763"}],"curies":[{"name":"wp","href":"https:\/\/api.w.org\/{rel}","templated":true}]}}